{"id":90,"date":"2022-03-10T18:13:00","date_gmt":"2022-03-10T17:13:00","guid":{"rendered":"https:\/\/www.lamessine.eu\/?page_id=90"},"modified":"2026-03-25T10:22:40","modified_gmt":"2026-03-25T09:22:40","slug":"programme","status":"publish","type":"page","link":"https:\/\/www.lamessine.eu\/index.php\/infos-pratiques\/programme\/","title":{"rendered":"Programme"},"content":{"rendered":"\n<p><\/p>\n\n\n\n<figure class=\"wp-block-table\"><table class=\"has-off-white-color has-text-color has-background\" style=\"background-color:#e8308a\"><thead><tr><th><strong>MESSINE 202<\/strong>6<\/th><th><strong>DIMANCHE 26 AVRIL 202<\/strong>6<\/th><\/tr><tr><th><\/th><th>08h30&nbsp;: ouverture du village&nbsp;<a rel=\"noreferrer noopener\" href=\"https:\/\/goo.gl\/maps\/trAm6REeToE2\" target=\"_blank\"><mark style=\"background-color:rgba(0, 0, 0, 0);color:#cf54bf\" class=\"has-inline-color\">place de la R\u00e9publique<\/mark><\/a><\/th><\/tr><\/thead><tbody><tr><td> <strong>8h30<\/strong>                                                <\/td><td>    OUVERTURE DU VILLAGE<\/td><\/tr><tr><td><strong> 09H30<\/strong><\/td><td>    D\u00e9part de la <strong>baby Messine<\/strong>&nbsp;sur&nbsp;l\u2019Esplanade<\/td><\/tr><tr><td><strong> 09H45<\/strong><\/td><td>    D\u00e9part de la <strong>mini Messine<\/strong> sur l\u2019Esplanade<\/td><\/tr><tr><td><strong> 10H00<\/strong><\/td><td>    Discours officiels<\/td><\/tr><tr><td><strong> 10H15<\/strong><\/td><td>    \u00c9chauffement collectif<\/td><\/tr><tr><td><strong> 10H30<\/strong><\/td><td>D\u00e9part de <strong>La Messine<\/strong> pour ceux souhaitant courir<\/td><\/tr><tr><td><strong> 10H45<\/strong><\/td><td>D\u00e9part des<strong> <\/strong>Fit-poussettes, jo\u00eblettes et <strong>marcheurs<\/strong><\/td><\/tr><\/tbody><\/table><\/figure>\n\n\n\n<figure class=\"wp-block-image size-full\"><img loading=\"lazy\" decoding=\"async\" width=\"1085\" height=\"236\" src=\"https:\/\/www.lamessine.eu\/wp-content\/uploads\/2026\/03\/partenaires-2.jpg\" alt=\"\" class=\"wp-image-1063\" srcset=\"https:\/\/www.lamessine.eu\/wp-content\/uploads\/2026\/03\/partenaires-2.jpg 1085w, https:\/\/www.lamessine.eu\/wp-content\/uploads\/2026\/03\/partenaires-2-300x65.jpg 300w, https:\/\/www.lamessine.eu\/wp-content\/uploads\/2026\/03\/partenaires-2-1024x223.jpg 1024w, https:\/\/www.lamessine.eu\/wp-content\/uploads\/2026\/03\/partenaires-2-768x167.jpg 768w\" sizes=\"auto, (max-width: 1085px) 100vw, 1085px\" \/><\/figure>\n\n\n\n<div class=\"wp-block-columns is-layout-flex wp-container-core-columns-is-layout-1 wp-block-columns-is-layout-flex\">\n<div class=\"wp-block-column is-layout-flow wp-block-column-is-layout-flow\">\n<figure class=\"wp-block-gallery has-nested-images columns-default is-cropped wp-block-gallery-1 is-layout-flex wp-block-gallery-is-layout-flex\">\n<figure class=\"wp-block-image size-large\"><img loading=\"lazy\" decoding=\"async\" width=\"1024\" height=\"683\" src=\"https:\/\/www.lamessine.eu\/wp-content\/uploads\/2024\/02\/FB_IMG_1707250106686-1024x683.jpg\" alt=\"\" class=\"wp-image-675\" srcset=\"https:\/\/www.lamessine.eu\/wp-content\/uploads\/2024\/02\/FB_IMG_1707250106686-1024x683.jpg 1024w, https:\/\/www.lamessine.eu\/wp-content\/uploads\/2024\/02\/FB_IMG_1707250106686-300x200.jpg 300w, https:\/\/www.lamessine.eu\/wp-content\/uploads\/2024\/02\/FB_IMG_1707250106686-768x512.jpg 768w, https:\/\/www.lamessine.eu\/wp-content\/uploads\/2024\/02\/FB_IMG_1707250106686.jpg 1080w\" sizes=\"auto, (max-width: 1024px) 100vw, 1024px\" \/><\/figure>\n<\/figure>\n<\/div>\n<\/div>\n\n\n\n<p><\/p>\n","protected":false},"excerpt":{"rendered":"<p>MESSINE 2026 DIMANCHE 26 AVRIL 2026 08h30&nbsp;: ouverture du village&nbsp;place de la R\u00e9publique 8h30 OUVERTURE DU VILLAGE 09H30 D\u00e9part de la baby Messine&nbsp;sur&nbsp;l\u2019Esplanade 09H45 D\u00e9part de la mini Messine sur l\u2019Esplanade 10H00 Discours officiels 10H15 \u00c9chauffement collectif 10H30 D\u00e9part de La Messine pour ceux souhaitant courir 10H45 D\u00e9part des Fit-poussettes, jo\u00eblettes et marcheurs<\/p>\n","protected":false},"author":2,"featured_media":0,"parent":87,"menu_order":0,"comment_status":"closed","ping_status":"closed","template":"","meta":{"footnotes":""},"class_list":["post-90","page","type-page","status-publish","hentry"],"_links":{"self":[{"href":"https:\/\/www.lamessine.eu\/index.php\/wp-json\/wp\/v2\/pages\/90","targetHints":{"allow":["GET"]}}],"collection":[{"href":"https:\/\/www.lamessine.eu\/index.php\/wp-json\/wp\/v2\/pages"}],"about":[{"href":"https:\/\/www.lamessine.eu\/index.php\/wp-json\/wp\/v2\/types\/page"}],"author":[{"embeddable":true,"href":"https:\/\/www.lamessine.eu\/index.php\/wp-json\/wp\/v2\/users\/2"}],"replies":[{"embeddable":true,"href":"https:\/\/www.lamessine.eu\/index.php\/wp-json\/wp\/v2\/comments?post=90"}],"version-history":[{"count":20,"href":"https:\/\/www.lamessine.eu\/index.php\/wp-json\/wp\/v2\/pages\/90\/revisions"}],"predecessor-version":[{"id":1064,"href":"https:\/\/www.lamessine.eu\/index.php\/wp-json\/wp\/v2\/pages\/90\/revisions\/1064"}],"up":[{"embeddable":true,"href":"https:\/\/www.lamessine.eu\/index.php\/wp-json\/wp\/v2\/pages\/87"}],"wp:attachment":[{"href":"https:\/\/www.lamessine.eu\/index.php\/wp-json\/wp\/v2\/media?parent=90"}],"curies":[{"name":"wp","href":"https:\/\/api.w.org\/{rel}","templated":true}]}}