{"id":26,"date":"2022-03-10T09:46:47","date_gmt":"2022-03-10T08:46:47","guid":{"rendered":"https:\/\/www.lamessine.eu\/?page_id=26"},"modified":"2026-03-26T11:38:03","modified_gmt":"2026-03-26T10:38:03","slug":"la-messine","status":"publish","type":"page","link":"https:\/\/www.lamessine.eu\/index.php\/la-messine\/","title":{"rendered":"La messine"},"content":{"rendered":"<p>La treizi\u00e8me \u00e9dition de \u00ab La Messine \u00bb aura lieu le 26 avril 2026 !<br \/>Nous vous proposons 3 \u00e9preuves<\/p>\n<p>La Messine Hommes (limit\u00e9s \u00e0 1000) \/ Femmes, 7 kilom\u00e8tres pour les participantes \u00e0 partir de 12 ans<br \/>La Mini Messine, 1 kilom\u00e8tres pour les participantes jusqu&rsquo;\u00e0 11 ans inclus<br \/>La baby Messine, 400 m\u00e8tres jusqu&rsquo;\u00e0 6 ans inclus.<\/p>\n<p><strong>LES OBJECTIFS<\/strong><\/p>\n<p>La Messine est une manifestation sportive caritative.<br \/>Cette marche-course,100% f\u00e9minine, a pour but de soutenir la lutte contre le cancer du sein et de sensibiliser les Lorraines au d\u00e9pistage et \u00e0 l&rsquo;accompagnement des femmes atteintes par cette maladie.<\/p>\n\n\n<figure class=\"wp-block-image size-full\"><img loading=\"lazy\" decoding=\"async\" width=\"636\" height=\"323\" src=\"https:\/\/www.lamessine.eu\/wp-content\/uploads\/2023\/02\/les-chiffres.jpg\" alt=\"\" class=\"wp-image-422\" srcset=\"https:\/\/www.lamessine.eu\/wp-content\/uploads\/2023\/02\/les-chiffres.jpg 636w, https:\/\/www.lamessine.eu\/wp-content\/uploads\/2023\/02\/les-chiffres-300x152.jpg 300w\" sizes=\"auto, (max-width: 636px) 100vw, 636px\" \/><\/figure>\n\n\n\n<p class=\"has-text-align-center\"><mark style=\"background-color:#f8baeb\" class=\"has-inline-color\">Votre g\u00e9n\u00e9rosit\u00e9 <strong>depuis 2012<\/strong> a permis de verser <strong>614 640 \u20ac <\/strong>\u00e0 la recherche contre le cancer du sein<\/mark><\/p>\n\n\n<div class=\"wp-block-image\">\n<figure class=\"aligncenter size-large is-resized\"><img loading=\"lazy\" decoding=\"async\" width=\"796\" height=\"1024\" src=\"https:\/\/www.lamessine.eu\/wp-content\/uploads\/2025\/02\/LNCC_Moselle_Logo_VERT_4c_RVB-1-796x1024.png\" alt=\"\" class=\"wp-image-856\" style=\"width:148px;height:189px\" srcset=\"https:\/\/www.lamessine.eu\/wp-content\/uploads\/2025\/02\/LNCC_Moselle_Logo_VERT_4c_RVB-1-796x1024.png 796w, https:\/\/www.lamessine.eu\/wp-content\/uploads\/2025\/02\/LNCC_Moselle_Logo_VERT_4c_RVB-1-233x300.png 233w, https:\/\/www.lamessine.eu\/wp-content\/uploads\/2025\/02\/LNCC_Moselle_Logo_VERT_4c_RVB-1-768x988.png 768w, https:\/\/www.lamessine.eu\/wp-content\/uploads\/2025\/02\/LNCC_Moselle_Logo_VERT_4c_RVB-1.png 1128w\" sizes=\"auto, (max-width: 796px) 100vw, 796px\" \/><\/figure><\/div>\n\n\n<figure class=\"wp-block-image size-large\"><img loading=\"lazy\" decoding=\"async\" width=\"1024\" height=\"223\" src=\"https:\/\/www.lamessine.eu\/wp-content\/uploads\/2026\/03\/logos-1024x223.png\" alt=\"\" class=\"wp-image-1067\" srcset=\"https:\/\/www.lamessine.eu\/wp-content\/uploads\/2026\/03\/logos-1024x223.png 1024w, https:\/\/www.lamessine.eu\/wp-content\/uploads\/2026\/03\/logos-300x65.png 300w, https:\/\/www.lamessine.eu\/wp-content\/uploads\/2026\/03\/logos-768x167.png 768w, https:\/\/www.lamessine.eu\/wp-content\/uploads\/2026\/03\/logos.png 1420w\" sizes=\"auto, (max-width: 1024px) 100vw, 1024px\" \/><\/figure>\n","protected":false},"excerpt":{"rendered":"<p>La treizi\u00e8me \u00e9dition de \u00ab La Messine \u00bb aura lieu le 26 avril 2026 !Nous vous proposons 3 \u00e9preuves La Messine Hommes (limit\u00e9s \u00e0 1000) \/ Femmes, 7 kilom\u00e8tres pour les participantes \u00e0 partir de 12 ansLa Mini Messine, 1 kilom\u00e8tres pour les participantes jusqu&rsquo;\u00e0 11 ans inclusLa baby Messine, 400 m\u00e8tres jusqu&rsquo;\u00e0 6 ans &hellip; <a href=\"https:\/\/www.lamessine.eu\/index.php\/la-messine\/\" class=\"more-link\">Continuer la lecture de <span class=\"screen-reader-text\">La messine<\/span> <span class=\"meta-nav\">&rarr;<\/span><\/a><\/p>\n","protected":false},"author":1,"featured_media":0,"parent":0,"menu_order":0,"comment_status":"closed","ping_status":"closed","template":"","meta":{"footnotes":""},"class_list":["post-26","page","type-page","status-publish","hentry"],"_links":{"self":[{"href":"https:\/\/www.lamessine.eu\/index.php\/wp-json\/wp\/v2\/pages\/26","targetHints":{"allow":["GET"]}}],"collection":[{"href":"https:\/\/www.lamessine.eu\/index.php\/wp-json\/wp\/v2\/pages"}],"about":[{"href":"https:\/\/www.lamessine.eu\/index.php\/wp-json\/wp\/v2\/types\/page"}],"author":[{"embeddable":true,"href":"https:\/\/www.lamessine.eu\/index.php\/wp-json\/wp\/v2\/users\/1"}],"replies":[{"embeddable":true,"href":"https:\/\/www.lamessine.eu\/index.php\/wp-json\/wp\/v2\/comments?post=26"}],"version-history":[{"count":18,"href":"https:\/\/www.lamessine.eu\/index.php\/wp-json\/wp\/v2\/pages\/26\/revisions"}],"predecessor-version":[{"id":1068,"href":"https:\/\/www.lamessine.eu\/index.php\/wp-json\/wp\/v2\/pages\/26\/revisions\/1068"}],"wp:attachment":[{"href":"https:\/\/www.lamessine.eu\/index.php\/wp-json\/wp\/v2\/media?parent=26"}],"curies":[{"name":"wp","href":"https:\/\/api.w.org\/{rel}","templated":true}]}}