{"id":23,"date":"2022-03-10T09:46:03","date_gmt":"2022-03-10T08:46:03","guid":{"rendered":"https:\/\/www.lamessine.eu\/?page_id=23"},"modified":"2024-02-10T21:29:05","modified_gmt":"2024-02-10T20:29:05","slug":"f-a-q","status":"publish","type":"page","link":"https:\/\/www.lamessine.eu\/index.php\/f-a-q\/","title":{"rendered":"F.A.Q."},"content":{"rendered":"<h1><strong>Foire Aux Questions<\/strong><\/h1>\n<h4><span style=\"color: #f466ab;\"><strong>Votre inscription 2023 ?<\/strong><\/span><\/h4>\n<p>Si vous souhaitez v\u00e9rifier que vous \u00eates bien sur la liste des inscrites, rendez-vous sur notre site d&rsquo;inscription pour v\u00e9rifier :\u00a0<a href=\"http:\/\/www.inscriptions-a2m.fr\/\" target=\"_blank\" rel=\"noopener\">www.inscriptions-a2m.fr<\/a><\/p>\n<h4><span style=\"color: #f466ab;\"><strong>Les poussettes ou b\u00e9b\u00e9s en portage ?<\/strong><\/span><\/h4>\n<p><strong>Les poussettes sont d\u00e9conseill\u00e9es<\/strong>\u00a0sur le parcours de la Messine.<\/p>\n<p>Cependant si vous participez \u00e0 la manifestation avec une poussette, nous vous rappelons que<strong>\u00a0les coureuses et marcheuses sont prioritaires<\/strong>. Par cons\u00e9quent, vous devez imp\u00e9rativement leur c\u00e9der la priorit\u00e9.<\/p>\n<p>De plus, il vous sera demand\u00e9 de partir dans la derni\u00e8re vague avec les joelettes pour g\u00eaner le moins possible les autres participantes.<\/p>\n<p><strong>Les b\u00e9b\u00e9s en portage sont interdits.<\/strong><\/p>\n<p>Nous rappelons qu&rsquo;il y aura beaucoup de monde tout le long du parcours, qu&rsquo;il y a aussi beaucoup de rues en mont\u00e9es ou pav\u00e9es \u00e0 Metz. Ces \u00e9l\u00e9ments font que nous interdisons pour des raisons \u00e9videntes de s\u00e9curit\u00e9, les b\u00e9b\u00e9s en portage.<\/p>\n<h4><span style=\"color: #f466ab;\"><strong>Les \u00e9quipes ?<\/strong><\/span><\/h4>\n<p>Pour vous inscrire en tant qu&rsquo;\u00e9quipe, vous devez former un groupe d&rsquo;au moins 20 personnes.<\/p>\n<p>Si ce n&rsquo;est pas le cas, il faudra vous inscrire individuellement, mais vous pourrez tout de m\u00eame vous donner un nom d&rsquo;\u00e9quipe si vous le souhaitez.<\/p>\n<p>Vous trouverez toutes les informations utiles aux \u00e9quipes sur le lien suivant :<\/p>\n\n\n<div class=\"wp-block-buttons is-layout-flex wp-block-buttons-is-layout-flex\"><\/div>\n\n\n\n<div class=\"wp-block-buttons has-custom-font-size has-medium-font-size is-content-justification-left is-layout-flex wp-container-core-buttons-is-layout-2 wp-block-buttons-is-layout-flex\" style=\"font-style:normal;font-weight:500\">\n<div class=\"wp-block-button is-style-outline is-style-outline--1\"><a class=\"wp-block-button__link has-white-color has-text-color has-background wp-element-button\" style=\"background-color:#e8308a\">Inscription groupe<\/a><\/div>\n<\/div>\n\n\n\n<h4 class=\"wp-block-heading\"><strong>Les challenges ?<\/strong><\/h4>\n\n\n\n<p><em>Pour le challenge m\u00e8re\/filles :<\/em><\/p>\n\n\n\n<p>Si vous avez plusieurs filles ou belles-filles, vous pouvez les inscrire. Le formulaire d&rsquo;inscription est pr\u00e9vu pour.<\/p>\n\n\n\n<p><em>Pour le challenge trio, grand-m\u00e8re\/m\u00e8re\/fille :<\/em><\/p>\n\n\n\n<p>L&rsquo;id\u00e9e de ce challenge est de r\u00e9unir trois g\u00e9n\u00e9rations sur une m\u00eame course et vous ne pouvez donc inscrire qu&rsquo;une grand-m\u00e8re, m\u00e8re ou fille.<\/p>\n\n\n\n<p>Pour les deux challenges, les demoiselles doivent \u00eatre des Messines (n\u00e9es en 2008 ou avant). Les Mini-Messines ou les Baby-Messines ne peuvent \u00eatre inscrites dans les challenges.<\/p>\n\n\n\n<h4 class=\"wp-block-heading\"><strong>Marcher ou courir ?<\/strong><\/h4>\n\n\n\n<p>C&rsquo;est vous qui choisissez !<\/p>\n\n\n\n<p>La Messine n&rsquo;est pas une course, il n&rsquo;y a pas chronom\u00e8tre ni de barri\u00e8re horaire. Si vous souhaitez votre sortie conviviale et familiale, nous vous accueillons avec le m\u00eame plaisir que les coureuses.<\/p>\n\n\n\n<p>\u00c0 noter, tout de m\u00eame que les d\u00e9parts s&rsquo;effectuent par vagues et nous demandons aux marcheuses de partir dans les derni\u00e8res vagues pour plus de fluidit\u00e9 et de confort sur le parcours.<\/p>\n\n\n\n<h4 class=\"wp-block-heading\"><strong>Les hommes ?<\/strong><\/h4>\n\n\n\n<p>Comme chaque ann\u00e9e, les hommes ne sont pas autoris\u00e9s \u00e0 faire la Messine en tant que participants.<\/p>\n\n\n\n<p>Cependant, nous les sollicitons vivement dans nos \u00e9quipes de b\u00e9n\u00e9voles qui se mobilisent afin que cette manifestation puisse avoir lieu dans de bonnes conditions.<\/p>\n\n\n\n<p>Messieurs, rendez-vous sur notre site d&rsquo;inscription :&nbsp;<a href=\"http:\/\/www.inscriptions-a2m.fr\/\">www.inscriptions-a2m.fr<\/a><\/p>\n","protected":false},"excerpt":{"rendered":"<p>Foire Aux Questions Votre inscription 2023 ? Si vous souhaitez v\u00e9rifier que vous \u00eates bien sur la liste des inscrites, rendez-vous sur notre site d&rsquo;inscription pour v\u00e9rifier :\u00a0www.inscriptions-a2m.fr Les poussettes ou b\u00e9b\u00e9s en portage ? Les poussettes sont d\u00e9conseill\u00e9es\u00a0sur le parcours de la Messine. Cependant si vous participez \u00e0 la manifestation avec une poussette, nous &hellip; <a href=\"https:\/\/www.lamessine.eu\/index.php\/f-a-q\/\" class=\"more-link\">Continuer la lecture de <span class=\"screen-reader-text\">F.A.Q.<\/span> <span class=\"meta-nav\">&rarr;<\/span><\/a><\/p>\n","protected":false},"author":1,"featured_media":0,"parent":0,"menu_order":0,"comment_status":"closed","ping_status":"closed","template":"","meta":{"footnotes":""},"class_list":["post-23","page","type-page","status-publish","hentry"],"_links":{"self":[{"href":"https:\/\/www.lamessine.eu\/index.php\/wp-json\/wp\/v2\/pages\/23","targetHints":{"allow":["GET"]}}],"collection":[{"href":"https:\/\/www.lamessine.eu\/index.php\/wp-json\/wp\/v2\/pages"}],"about":[{"href":"https:\/\/www.lamessine.eu\/index.php\/wp-json\/wp\/v2\/types\/page"}],"author":[{"embeddable":true,"href":"https:\/\/www.lamessine.eu\/index.php\/wp-json\/wp\/v2\/users\/1"}],"replies":[{"embeddable":true,"href":"https:\/\/www.lamessine.eu\/index.php\/wp-json\/wp\/v2\/comments?post=23"}],"version-history":[{"count":5,"href":"https:\/\/www.lamessine.eu\/index.php\/wp-json\/wp\/v2\/pages\/23\/revisions"}],"predecessor-version":[{"id":807,"href":"https:\/\/www.lamessine.eu\/index.php\/wp-json\/wp\/v2\/pages\/23\/revisions\/807"}],"wp:attachment":[{"href":"https:\/\/www.lamessine.eu\/index.php\/wp-json\/wp\/v2\/media?parent=23"}],"curies":[{"name":"wp","href":"https:\/\/api.w.org\/{rel}","templated":true}]}}