{"id":21,"date":"2022-03-10T09:44:46","date_gmt":"2022-03-10T08:44:46","guid":{"rendered":"https:\/\/www.lamessine.eu\/?page_id=21"},"modified":"2026-04-23T07:39:52","modified_gmt":"2026-04-23T05:39:52","slug":"reglement","status":"publish","type":"page","link":"https:\/\/www.lamessine.eu\/index.php\/reglement\/","title":{"rendered":"R\u00e9glement"},"content":{"rendered":"<p class=\"u-body\">R\u00c8GLEMENT <a href=\"https:\/\/lamessine.eu\/reglement-2022.pdf\">T\u00e9l\u00e9charger le PDF<\/a><br \/>\nLA MESSINE 2026 \u2013 DIMANCHE 26 avril<\/p>\n<h4 class=\"u-body\"><span style=\"color: #f466ab;\">Article 1 : Organisateur<\/span><\/h4>\n<p class=\"u-body\">Cette \u00e9dition de LA MESSINE, je me bouge contre le cancer du sein, 100 % femmes est organis\u00e9e par Athl\u00e9tisme Metz M\u00e9tropole (A2M). En tant qu&rsquo;organisateur, A2M et ses pr\u00e9pos\u00e9s sont couverts par une assurance Responsabilit\u00e9 Civile souscrite aupr\u00e8s des Mutuelles du Mans Assurances. Cette \u00e9dition se d\u00e9roulera le dimanche 26 avril 2026<\/p>\n<p class=\"u-body\">Les personnes mandat\u00e9es pour l&rsquo;organisation de cet \u00e9v\u00e9nement sont :<br \/>\n<em>Dominique ABISSE<\/em><br \/>\nAdresse mail de La Messine : contact.messine@gmail.com<br \/>\nD\u00e9part et arriv\u00e9e Place de la R\u00e9publique \u00e0 Metz.<\/p>\n<h4 class=\"u-body\"><span style=\"color: #f466ab;\"><strong>Article 2 : D\u00e9roul\u00e9<\/strong><\/span><\/h4>\n<p>08h30 : ouverture du village place de la R\u00e9publique<br \/>\n\u2022 Pour les retardataires, derniers retraits de dossard de 8h30 \u00e0 9h30 (pas d&rsquo;inscription sur place )<br \/>\n\u2022 09h30 : d\u00e9part de la baby Messine sur l&rsquo;Esplanade<br \/>\n\u2022 09h45 : d\u00e9part de la mini Messine sur l&rsquo;Esplanade<br \/>\n\u2022 10h00 : Discours officiels<br \/>\n\u2022 10h15 : \u00c9chauffement collectif<br \/>\n\u2022 10h30 : D\u00e9part de La Messine pour celles souhaitant courir<br \/>\n\u2022 10h45 : D\u00e9part\u00a0 <strong>marcheurs<\/strong><\/p>\n<h4 class=\"u-body\"><span style=\"color: #f466ab;\">Article 3 : Modalit\u00e9s d&rsquo;inscription<\/span><\/h4>\n<p class=\"u-body\">\u00c2ge requis :<br \/>\n&#8211; La Messine : \u00e0 partir de 12 ans<br \/>\n&#8211; La Mini Messine : jusqu&rsquo;\u00e0 11 ans inclus<br \/>\n&#8211; La Baby Messine : jusqu&rsquo;\u00e0 6 ans inclus<br \/>\n&#8211; La signature d&rsquo;un des parents est exig\u00e9e pour les mineures.<\/p>\n<p class=\"u-body\"><strong><em>Certificat m\u00e9dical (Article L. 231-3 du Code du Sport).<\/em> <\/strong><\/p>\n<p class=\"u-body\">Il n&rsquo;est pas demand\u00e9 de certificat m\u00e9dical car la Messine n&rsquo;est pas une course. Les inscrites souhaitant courir le feront sous leur propre responsabilit\u00e9.<\/p>\n<p class=\"u-body\"><em><strong>Assurances<\/strong><\/em><br \/>\nLes licenci\u00e9es b\u00e9n\u00e9ficient des garanties li\u00e9es \u00e0 leur licence. Il incombe aux autres engag\u00e9s de s&rsquo;assurer<br \/>\npersonnellement. Il est express\u00e9ment indiqu\u00e9 que les engag\u00e9s participent sous leur propre et exclusive responsabilit\u00e9.<\/p>\n<p class=\"u-body\"><em><strong>Dossard<\/strong><\/em><br \/>\nLe dossard est \u00e0 retirer sur pr\u00e9sentation d&rsquo;une pi\u00e8ce d&rsquo;identit\u00e9 ou du justificatif d&rsquo;inscription que vous recevrez pour toute inscription en ligne. Les dates de retrait sont indiqu\u00e9es sur notre site internet. Toute affectation de dossard est ferme et d\u00e9finitive. Aucun dossard ne sera envoy\u00e9 par la Poste. La remise des dossards et les inscriptions seront closes \u00bd heure avant l&rsquo;\u00e9preuve courue.<\/p>\n<h4 class=\"u-body\"><span style=\"color: #f466ab;\">Article 4 : Engagement<\/span><\/h4>\n<p class=\"u-body\">Tout engagement est personnel, ferme et d\u00e9finitif. Il ne peut faire l&rsquo;objet de remboursement pour quelque motif que ce soit (m\u00eame en cas d&rsquo;annulation de l&rsquo;\u00e9preuve). Aucun transfert d&rsquo;inscription n&rsquo;est autoris\u00e9 pour quelque motif que ce soit. Toute personne r\u00e9troc\u00e9dant son dossard \u00e0 une tierce personne sera reconnue responsable en cas d&rsquo;accident survenu ou provoqu\u00e9 par cette derni\u00e8re durant la manifestation. L&rsquo;Organisateur d\u00e9cline toute responsabilit\u00e9 en cas d&rsquo;accident face \u00e0 ce type de situation.<\/p>\n<h4 class=\"u-body\"><span style=\"color: #f466ab;\">Article 5 : Modalit\u00e9s d&rsquo;organisation des \u00e9preuves<\/span><\/h4>\n<p class=\"u-body\">&#8211; Dossard : Le dossard est \u00e0 porter sur la poitrine et doit \u00eatre enti\u00e8rement lisible y compris les logos publicitaires.<br \/>\n&#8211; Le t-shirt : En aucun cas le t-shirt ne doit \u00eatre modifi\u00e9, les partenaires qui y figurent doivent rester visibles.<br \/>\n&#8211; Assistance M\u00e9dicale : Une assistance m\u00e9dicale est organis\u00e9e sur le parcours et \u00e0 l&rsquo;arriv\u00e9e. Le m\u00e9decin de la course sera habilit\u00e9 \u00e0 d\u00e9cider de la non-participation ou de l&rsquo;arr\u00eat d&rsquo;un engag\u00e9 paraissant inapte \u00e0 poursuivre.<br \/>\n&#8211; Le tour doit \u00eatre effectu\u00e9 en 180 minutes maximum.<\/p>\n<h4 class=\"u-body\"><span style=\"color: #f466ab;\">Article 6 : R\u00e8gles de s\u00e9curit\u00e9<\/span><\/h4>\n<p class=\"u-body\">&#8211; S\u00e9curit\u00e9 sur le parcours : Les concurrents s&rsquo;engagent \u00e0 respecter le Code de la Route et les consignes donn\u00e9es par l&rsquo;Organisateur par le canal de ses \u00ab signaleurs \u00bb. Les \u00ab signaleurs \u00bb pour votre s\u00e9curit\u00e9 veilleront au respect de ces r\u00e8gles.<br \/>\n&#8211; Les bicyclettes, engins \u00e0 roulettes et\/ou motoris\u00e9s sont formellement interdits sur le parcours et aux concurrentes.<br \/>\n&#8211; Les porte b\u00e9b\u00e9s sont interdits aux concurrentes.<br \/>\n&#8211; Les chiens m\u00eame tenus en laisse sont formellement interdits aux concurrentes.<br \/>\n&#8211; Les participantes avec poussette doivent la priorit\u00e9 aux autres concurrentes.<\/p>\n<h4 class=\"u-body\"><span style=\"color: #f466ab;\">Article 7 : Droit \u00e0 l&rsquo;image<\/span><\/h4>\n<p class=\"u-body\">Par sa participation \u00e0 la \u00ab La Messine \u00bb, chaque concurrente autorise express\u00e9ment les organisateurs \u00e0 utiliser ou faire utiliser ou reproduire ou faire reproduire son nom, son image, sa voix et sa prestation sportive en vue de toute exploitation directe ou sous forme d\u00e9riv\u00e9e de l&rsquo;\u00e9preuve et ce, sur tout support, dans le monde entier, par tous les moyens connus ou inconnus \u00e0 ce jour.<\/p>\n<h4 class=\"u-body\"><span style=\"color: #f466ab;\">Article 8 : R\u00e9compenses<\/span><\/h4>\n<p class=\"u-body\">Un t-shirt sera offert dans la limite des pi\u00e8ces disponibles. L&rsquo;\u00e9quipe la plus repr\u00e9sent\u00e9e en nombre*, remportera le troph\u00e9e \u00ab La Messine \u00bb pour une ann\u00e9e. Elle devra le remettre en jeu l&rsquo;ann\u00e9e suivante, et sera d\u00e9finitivement acquis, lorsqu&rsquo;il sera gagn\u00e9 3 fois de suite. L &lsquo;\u00e9quipe gagnante devra s&rsquo;engager par \u00e9crit \u00e0 bien conserver ce troph\u00e9e et le repr\u00e9senter l&rsquo;ann\u00e9e suivante.<\/p>\n<p class=\"u-body\"><strong><span style=\"color: #f466ab;\">Article 9 : Acceptation expresse<\/span><\/strong><\/p>\n<p class=\"u-body\">Le fait de s&rsquo;inscrire \u00e0 cette \u00e9preuve implique l&rsquo;acceptation pure et simple du pr\u00e9sent r\u00e8glement dans son int\u00e9gralit\u00e9 y compris, au fur et \u00e0 mesure de leur intervention, ses avenants \u00e9ventuels et ses additifs. Toutes les difficult\u00e9s pratiques d&rsquo;interpr\u00e9tation ou d&rsquo;application du pr\u00e9sent r\u00e8glement seront tranch\u00e9es souverainement par l&rsquo;organisateur.<\/p>\n","protected":false},"excerpt":{"rendered":"<p>R\u00c8GLEMENT T\u00e9l\u00e9charger le PDF LA MESSINE 2026 \u2013 DIMANCHE 26 avril Article 1 : Organisateur Cette \u00e9dition de LA MESSINE, je me bouge contre le cancer du sein, 100 % femmes est organis\u00e9e par Athl\u00e9tisme Metz M\u00e9tropole (A2M). En tant qu&rsquo;organisateur, A2M et ses pr\u00e9pos\u00e9s sont couverts par une assurance Responsabilit\u00e9 Civile souscrite aupr\u00e8s des &hellip; <a href=\"https:\/\/www.lamessine.eu\/index.php\/reglement\/\" class=\"more-link\">Continuer la lecture de <span class=\"screen-reader-text\">R\u00e9glement<\/span> <span class=\"meta-nav\">&rarr;<\/span><\/a><\/p>\n","protected":false},"author":1,"featured_media":0,"parent":0,"menu_order":0,"comment_status":"closed","ping_status":"closed","template":"","meta":{"footnotes":""},"class_list":["post-21","page","type-page","status-publish","hentry"],"_links":{"self":[{"href":"https:\/\/www.lamessine.eu\/index.php\/wp-json\/wp\/v2\/pages\/21","targetHints":{"allow":["GET"]}}],"collection":[{"href":"https:\/\/www.lamessine.eu\/index.php\/wp-json\/wp\/v2\/pages"}],"about":[{"href":"https:\/\/www.lamessine.eu\/index.php\/wp-json\/wp\/v2\/types\/page"}],"author":[{"embeddable":true,"href":"https:\/\/www.lamessine.eu\/index.php\/wp-json\/wp\/v2\/users\/1"}],"replies":[{"embeddable":true,"href":"https:\/\/www.lamessine.eu\/index.php\/wp-json\/wp\/v2\/comments?post=21"}],"version-history":[{"count":8,"href":"https:\/\/www.lamessine.eu\/index.php\/wp-json\/wp\/v2\/pages\/21\/revisions"}],"predecessor-version":[{"id":1087,"href":"https:\/\/www.lamessine.eu\/index.php\/wp-json\/wp\/v2\/pages\/21\/revisions\/1087"}],"wp:attachment":[{"href":"https:\/\/www.lamessine.eu\/index.php\/wp-json\/wp\/v2\/media?parent=21"}],"curies":[{"name":"wp","href":"https:\/\/api.w.org\/{rel}","templated":true}]}}