{"id":19,"date":"2022-03-10T09:44:18","date_gmt":"2022-03-10T08:44:18","guid":{"rendered":"https:\/\/www.lamessine.eu\/?page_id=19"},"modified":"2026-04-01T09:58:41","modified_gmt":"2026-04-01T07:58:41","slug":"intro","status":"publish","type":"page","link":"https:\/\/www.lamessine.eu\/","title":{"rendered":"LA MESSINE 2026"},"content":{"rendered":"\n<h4 class=\"wp-block-heading alignfull has-text-align-center has-white-background-color has-text-color has-background has-medium-font-size\" style=\"color:#e45fb1;text-transform:lowercase\">Contre le cancer du sein, je me bouge !<\/h4>\n\n\n<div class=\"wp-block-image\">\n<figure class=\"aligncenter size-full is-resized\"><a href=\"WWW.lamessine.eu\"><img loading=\"lazy\" decoding=\"async\" width=\"677\" height=\"254\" src=\"https:\/\/www.lamessine.eu\/wp-content\/uploads\/2023\/04\/logo.jpg\" alt=\"\" class=\"wp-image-497\" style=\"width:345px;height:128px\" srcset=\"https:\/\/www.lamessine.eu\/wp-content\/uploads\/2023\/04\/logo.jpg 677w, https:\/\/www.lamessine.eu\/wp-content\/uploads\/2023\/04\/logo-300x113.jpg 300w\" sizes=\"auto, (max-width: 677px) 100vw, 677px\" \/><\/a><\/figure><\/div>\n\n\n<h2 class=\"wp-block-heading alignfull has-text-align-center has-white-color has-text-color has-background\" style=\"background-color:#e8308a;font-size:50px;text-transform:lowercase\">26 AVRIL 2026<\/h2>\n\n\n<div class=\"wp-block-image\">\n<figure class=\"aligncenter size-large is-resized\"><img loading=\"lazy\" decoding=\"async\" width=\"1024\" height=\"1024\" src=\"https:\/\/www.lamessine.eu\/wp-content\/uploads\/2026\/02\/messine-2026-1024x1024.png\" alt=\"\" class=\"wp-image-970\" style=\"width:446px;height:auto\" srcset=\"https:\/\/www.lamessine.eu\/wp-content\/uploads\/2026\/02\/messine-2026-1024x1024.png 1024w, https:\/\/www.lamessine.eu\/wp-content\/uploads\/2026\/02\/messine-2026-300x300.png 300w, https:\/\/www.lamessine.eu\/wp-content\/uploads\/2026\/02\/messine-2026-150x150.png 150w, https:\/\/www.lamessine.eu\/wp-content\/uploads\/2026\/02\/messine-2026-768x768.png 768w, https:\/\/www.lamessine.eu\/wp-content\/uploads\/2026\/02\/messine-2026-1536x1536.png 1536w, https:\/\/www.lamessine.eu\/wp-content\/uploads\/2026\/02\/messine-2026.png 2048w\" sizes=\"auto, (max-width: 1024px) 100vw, 1024px\" \/><\/figure><\/div>\n\n\n<div class=\"wp-block-columns is-layout-flex wp-container-core-columns-is-layout-2 wp-block-columns-is-layout-flex\">\n<div class=\"wp-block-column is-layout-flow wp-block-column-is-layout-flow\" style=\"flex-basis:100%\">\n<div class=\"wp-block-group alignwide\"><div class=\"wp-block-group__inner-container is-layout-constrained wp-block-group-is-layout-constrained\">\n<div class=\"wp-block-columns is-layout-flex wp-container-core-columns-is-layout-1 wp-block-columns-is-layout-flex\">\n<div class=\"wp-block-column is-layout-flow wp-block-column-is-layout-flow\" style=\"flex-basis:100%\">\n<figure class=\"wp-block-image size-full\"><img loading=\"lazy\" decoding=\"async\" width=\"940\" height=\"788\" src=\"https:\/\/www.lamessine.eu\/wp-content\/uploads\/2026\/04\/ouverture-des-inscriptions.jpg\" alt=\"\" class=\"wp-image-1074\" srcset=\"https:\/\/www.lamessine.eu\/wp-content\/uploads\/2026\/04\/ouverture-des-inscriptions.jpg 940w, https:\/\/www.lamessine.eu\/wp-content\/uploads\/2026\/04\/ouverture-des-inscriptions-300x251.jpg 300w, https:\/\/www.lamessine.eu\/wp-content\/uploads\/2026\/04\/ouverture-des-inscriptions-768x644.jpg 768w\" sizes=\"auto, (max-width: 940px) 100vw, 940px\" \/><\/figure>\n<\/div>\n<\/div>\n<\/div><\/div>\n<\/div>\n<\/div>\n\n\n\n<h4 class=\"wp-block-heading has-background\" style=\"background-color:#ffe2ff\">Le parcours<\/h4>\n\n\n\n<p>Trac\u00e9e au c\u0153ur de la cit\u00e9 m\u00e9di\u00e9vale, en partie sur l\u2019espace pi\u00e9tonnier du centre ville.<\/p>\n\n\n\n<h4 class=\"wp-block-heading has-background\" style=\"background-color:#ffe2ff\">Un \u00e9v\u00e9nement engag\u00e9<\/h4>\n\n\n\n<p>Au profit de la lutte contre le cancer du sein et en partenariat avec la Ligue contre le cancer.<\/p>\n\n\n\n<h4 class=\"wp-block-heading has-background\" style=\"background-color:#ffe2ff\">Trois \u00e9preuves possibles<\/h4>\n\n\n\n<p>Adapt\u00e9 \u00e0 l&rsquo;\u00e2ge et aux capacit\u00e9s de chacune.<\/p>\n\n\n\n<p><\/p>\n\n\n\n<h2 class=\"wp-block-heading has-text-align-center\">Photos 2025<\/h2>\n\n\n\n<div class=\"wp-block-buttons is-content-justification-center is-layout-flex wp-container-core-buttons-is-layout-1 wp-block-buttons-is-layout-flex\">\n<div class=\"wp-block-button is-style-outline is-style-outline--1\"><a class=\"wp-block-button__link wp-element-button\" href=\"https:\/\/gillesbaermann.lumys.photo\/?fbclid=IwY2xjawJ8XWxleHRuA2FlbQIxMABicmlkETBlSHBCS0lvTGZMR1V3V2llAR6JC3vqC6iSjR5f14yQ9G7iGWnm3V9m2R6FNRKw4KKyD6IVSKeXvnN66b5R9w_aem_njpj5M0ruEdgfZ4W-jR8ZQ\"><strong>Gilles BAERMANN<\/strong><\/a><\/div>\n\n\n\n<div class=\"wp-block-button is-style-outline is-style-outline--2\"><a class=\"wp-block-button__link wp-element-button\" href=\"https:\/\/tout-metz.com\/la-messine-2025-toutes-photos-maree-rose-coeur-metz-546821.php?fbclid=IwY2xjawJ8XItleHRuA2FlbQIxMQBicmlkETBlSHBCS0lvTGZMR1V3V2llAR7x0r7GJdszmq9AWI7q94_barqzuo16n9-GsoC8OoDvAv6GT6zPIU247Wf2gg_aem_dRe1V_lQczbcE4fK3qMaOg\"><strong>TOUT METZ<\/strong><\/a><\/div>\n\n\n\n<div class=\"wp-block-button is-style-outline is-style-outline--3\"><a class=\"wp-block-button__link wp-element-button\" href=\"https:\/\/www.facebook.com\/Fab.photovie\"><strong>COUP D&rsquo;OEIL<\/strong><\/a><\/div>\n\n\n\n<div class=\"wp-block-button is-style-outline is-style-outline--4\"><a class=\"wp-block-button__link wp-element-button\" href=\"https:\/\/photos.app.goo.gl\/3JpCaeBfjnpzDajj6\"><strong>Philippe NOEL<\/strong><\/a><\/div>\n\n\n\n<div class=\"wp-block-button is-style-outline is-style-outline--5\"><a class=\"wp-block-button__link wp-element-button\" href=\"https:\/\/www.republicain-lorrain.fr\/sante\/2025\/04\/27\/metz-la-messine-ce-n-est-pas-que-pour-les-grandes?at_content=link&amp;at_term=RepublicainLorrainMetzOrne&amp;at_campaign=Facebook&amp;at_medium=Social&amp;at_source=nonli\"><strong>PHOTOS COURSES ENFANTS &#8211; RL <\/strong><\/a><\/div>\n\n\n\n<div class=\"wp-block-button is-style-outline is-style-outline--6\"><a class=\"wp-block-button__link wp-element-button\" href=\"https:\/\/www.republicain-lorrain.fr\/liseuse\/supplements-numeriques?at_content=photo&amp;at_term=RepublicainLorrainMetzOrne&amp;at_campaign=Facebook&amp;at_medium=Social&amp;at_source=nonli\"><strong>SUPPLEMENT NUMERIQUE &#8211; RL<\/strong><\/a><\/div>\n<\/div>\n\n\n\n<h2 class=\"wp-block-heading has-text-align-center\">Photos 2024<\/h2>\n\n\n\n<div class=\"wp-block-group is-vertical is-content-justification-center is-layout-flex wp-container-core-group-is-layout-3 wp-block-group-is-layout-flex\">\n<div class=\"wp-block-group alignwide is-vertical is-layout-flex wp-container-core-group-is-layout-2 wp-block-group-is-layout-flex\">\n<div class=\"wp-block-buttons alignwide has-custom-font-size has-small-font-size is-content-justification-center is-nowrap is-layout-flex wp-container-core-buttons-is-layout-2 wp-block-buttons-is-layout-flex\">\n<div class=\"wp-block-button is-style-outline is-style-outline--7\"><a class=\"wp-block-button__link has-text-align-center wp-element-button\" href=\"https:\/\/public.joomeo.com\/albums\/66309e1246296\" target=\"_blank\" rel=\"noreferrer noopener\">ALBUM JEAN CHRISTOPHE FRAISSE <\/a><\/div>\n<\/div>\n\n\n\n<div class=\"wp-block-buttons alignwide has-custom-font-size has-small-font-size is-content-justification-center is-nowrap is-layout-flex wp-container-core-buttons-is-layout-3 wp-block-buttons-is-layout-flex\">\n<div class=\"wp-block-button is-style-outline is-style-outline--8\"><a class=\"wp-block-button__link has-text-align-center wp-element-button\" href=\"https:\/\/www.facebook.com\/fabrice.fab.756\" target=\"_blank\" rel=\"noreferrer noopener\">ALBUM FABRICE DEROUS <\/a><\/div>\n<\/div>\n\n\n\n<div class=\"wp-block-buttons alignwide has-custom-font-size has-small-font-size is-content-justification-center is-nowrap is-layout-flex wp-container-core-buttons-is-layout-4 wp-block-buttons-is-layout-flex\">\n<div class=\"wp-block-button is-style-outline is-style-outline--9\"><a class=\"wp-block-button__link wp-element-button\" href=\"https:\/\/photos.app.goo.gl\/Tk7dHuaDRuKvNVvg9\" target=\"_blank\" rel=\"noreferrer noopener\">ALBUM PHILIPPE NO\u00cbL <\/a><\/div>\n<\/div>\n\n\n\n<div class=\"wp-block-buttons alignwide has-custom-font-size has-small-font-size is-content-justification-center is-nowrap is-layout-flex wp-container-core-buttons-is-layout-5 wp-block-buttons-is-layout-flex\">\n<div class=\"wp-block-button is-style-outline is-style-outline--10\"><a class=\"wp-block-button__link wp-element-button\" href=\"https:\/\/www.facebook.com\/gilles.baermann.9\" target=\"_blank\" rel=\"noreferrer noopener\">ALBUM GILLES BAERMANN<\/a><\/div>\n<\/div>\n\n\n\n<div class=\"wp-block-buttons alignwide has-custom-font-size has-small-font-size is-content-justification-center is-nowrap is-layout-flex wp-container-core-buttons-is-layout-6 wp-block-buttons-is-layout-flex\">\n<div class=\"wp-block-button is-style-outline is-style-outline--11\"><a class=\"wp-block-button__link wp-element-button\" href=\"https:\/\/www.facebook.com\/Fab.photovie\" target=\"_blank\" rel=\"noreferrer noopener\">ALBUM COUP D&rsquo;\u0152IL <\/a><\/div>\n<\/div>\n\n\n\n<div class=\"wp-block-buttons alignwide has-custom-font-size has-small-font-size is-content-justification-center is-nowrap is-layout-flex wp-container-core-buttons-is-layout-7 wp-block-buttons-is-layout-flex\">\n<div class=\"wp-block-button is-style-outline is-style-outline--12\"><a class=\"wp-block-button__link wp-element-button\" href=\"https:\/\/drive.google.com\/drive\/folders\/16AMK5Gdcr-n38bARfFLAHxFvq3pPg06n\" target=\"_blank\" rel=\"noreferrer noopener\">ALBUM<\/a><\/div>\n<\/div>\n\n\n\n<div class=\"wp-block-buttons alignwide has-custom-font-size has-small-font-size is-content-justification-center is-nowrap is-layout-flex wp-container-core-buttons-is-layout-8 wp-block-buttons-is-layout-flex\">\n<div class=\"wp-block-button is-style-outline is-style-outline--13\"><a class=\"wp-block-button__link wp-element-button\" href=\"https:\/\/www.republicain-lorrain.fr\/liseuse\/supplements-numeriques#COU_MES\" target=\"_blank\" rel=\"noreferrer noopener\">Suppl\u00e9ment num\u00e9rique R\u00c9PUBLICAIN LORRAIN <\/a><\/div>\n<\/div>\n<\/div>\n\n\n\n<p><\/p>\n<\/div>\n\n\n\n<h2 class=\"wp-block-heading has-text-color\" style=\"color:#e8308a\"><mark style=\"background-color:rgba(0, 0, 0, 0);color:#e057d0\" class=\"has-inline-color\"><strong>PHOTOS DE L&rsquo;EDITION 202<\/strong>3<\/mark><\/h2>\n\n\n\n<ul class=\"wp-block-list\">\n<li>Facebook : <strong>HERVE DERULE PHOTOGRAPHIES<\/strong><\/li>\n\n\n\n<li>Facebook : @COUP D&rsquo;OEIL Fabrice DEROUS<\/li>\n\n\n\n<li>Facebook : Jean Christophe FRAISSE<\/li>\n\n\n\n<li>PHOTO AGATHE FARDEAU <a href=\"https:\/\/drive.google.com\/drive\/folders\/1aiySaeG-30INb_whpz12KrxldfKvgKET?fbclid=IwAR0Cc6tv6EASnarKZSuL7gMftGKoYDuMI6tbHsTtnnUP6yP3SICjnVSjHWY\">PHOTO <\/a><\/li>\n\n\n\n<li>PHOTO PHILIPPE NOEL <a rel=\"noreferrer noopener\" href=\"https:\/\/photos.google.com\/share\/AF1QipPGnYFhYjyLGbwAQZ_3rhIz3Is7rYhSmxIusSBA2C2A3QYpRdG7qkiCIoL_S_1ULA?key=TGp1YlFGem9iOHNHMHdHTkZXMEJ1RG02VUhiVlR3\" target=\"_blank\">ALBUM<\/a><\/li>\n\n\n\n<li>PHOTO DE GILLES BAERMANN <a href=\"https:\/\/gillesbaermann.lumys.photo\/la-messine-2023-4-2023?fbclid=IwAR2zGMNhY4xpqZ4K-twDLMIraAzm8To8JXHA_mA6Ho-lEhI95j5Alrwtd2w\">ALBUM<\/a><\/li>\n<\/ul>\n\n\n\n<div class=\"wp-block-columns is-layout-flex wp-container-core-columns-is-layout-3 wp-block-columns-is-layout-flex\">\n<div class=\"wp-block-column is-layout-flow wp-block-column-is-layout-flow\">\n<figure class=\"wp-block-image size-large is-style-default\"><img loading=\"lazy\" decoding=\"async\" width=\"1024\" height=\"684\" src=\"https:\/\/www.lamessine.eu\/wp-content\/uploads\/2022\/05\/AAM4409-1-1024x684.jpg\" alt=\"\" class=\"wp-image-373\" srcset=\"https:\/\/www.lamessine.eu\/wp-content\/uploads\/2022\/05\/AAM4409-1-1024x684.jpg 1024w, https:\/\/www.lamessine.eu\/wp-content\/uploads\/2022\/05\/AAM4409-1-300x200.jpg 300w, https:\/\/www.lamessine.eu\/wp-content\/uploads\/2022\/05\/AAM4409-1-768x513.jpg 768w, https:\/\/www.lamessine.eu\/wp-content\/uploads\/2022\/05\/AAM4409-1-1536x1025.jpg 1536w, https:\/\/www.lamessine.eu\/wp-content\/uploads\/2022\/05\/AAM4409-1.jpg 2048w\" sizes=\"auto, (max-width: 1024px) 100vw, 1024px\" \/><\/figure>\n<\/div>\n\n\n\n<div class=\"wp-block-column is-layout-flow wp-block-column-is-layout-flow\">\n<figure class=\"wp-block-image size-large is-style-default\"><img loading=\"lazy\" decoding=\"async\" width=\"1024\" height=\"684\" src=\"https:\/\/www.lamessine.eu\/wp-content\/uploads\/2022\/05\/AAM5042-1-1024x684.jpg\" alt=\"\" class=\"wp-image-374\" srcset=\"https:\/\/www.lamessine.eu\/wp-content\/uploads\/2022\/05\/AAM5042-1-1024x684.jpg 1024w, https:\/\/www.lamessine.eu\/wp-content\/uploads\/2022\/05\/AAM5042-1-300x200.jpg 300w, https:\/\/www.lamessine.eu\/wp-content\/uploads\/2022\/05\/AAM5042-1-768x513.jpg 768w, https:\/\/www.lamessine.eu\/wp-content\/uploads\/2022\/05\/AAM5042-1-1536x1025.jpg 1536w, https:\/\/www.lamessine.eu\/wp-content\/uploads\/2022\/05\/AAM5042-1.jpg 2048w\" sizes=\"auto, (max-width: 1024px) 100vw, 1024px\" \/><\/figure>\n<\/div>\n\n\n\n<div class=\"wp-block-column is-layout-flow wp-block-column-is-layout-flow\">\n<figure class=\"wp-block-image size-large is-style-default\"><img loading=\"lazy\" decoding=\"async\" width=\"1024\" height=\"684\" src=\"https:\/\/www.lamessine.eu\/wp-content\/uploads\/2022\/05\/AAM6594-1024x684.jpg\" alt=\"\" class=\"wp-image-375\" srcset=\"https:\/\/www.lamessine.eu\/wp-content\/uploads\/2022\/05\/AAM6594-1024x684.jpg 1024w, https:\/\/www.lamessine.eu\/wp-content\/uploads\/2022\/05\/AAM6594-300x200.jpg 300w, https:\/\/www.lamessine.eu\/wp-content\/uploads\/2022\/05\/AAM6594-768x513.jpg 768w, https:\/\/www.lamessine.eu\/wp-content\/uploads\/2022\/05\/AAM6594-1536x1025.jpg 1536w, https:\/\/www.lamessine.eu\/wp-content\/uploads\/2022\/05\/AAM6594.jpg 2048w\" sizes=\"auto, (max-width: 1024px) 100vw, 1024px\" \/><\/figure>\n<\/div>\n<\/div>\n\n\n\n<div class=\"wp-block-columns is-layout-flex wp-container-core-columns-is-layout-4 wp-block-columns-is-layout-flex\">\n<div class=\"wp-block-column is-layout-flow wp-block-column-is-layout-flow\" style=\"flex-basis:100%\">\n<p>Vous pouvez d\u00e8s \u00e0 pr\u00e9sent vous inscrire \u00e0 la prochaine \u00e9dition de \u00ab\u00a0La Messine\u00a0\u00bb, une course solidaire contre le cancer du sein, qui aura lieu le 27 avril prochain. Contre le cancer du sein, je me bouge !<\/p>\n<p style=\"text-align: left;\"><img loading=\"lazy\" decoding=\"async\" class=\"wp-image-856 alignright\" src=\"https:\/\/www.lamessine.eu\/wp-content\/uploads\/2025\/02\/LNCC_Moselle_Logo_VERT_4c_RVB-1.png\" alt=\"\" width=\"137\" height=\"177\" srcset=\"https:\/\/www.lamessine.eu\/wp-content\/uploads\/2025\/02\/LNCC_Moselle_Logo_VERT_4c_RVB-1.png 1128w, https:\/\/www.lamessine.eu\/wp-content\/uploads\/2025\/02\/LNCC_Moselle_Logo_VERT_4c_RVB-1-233x300.png 233w, https:\/\/www.lamessine.eu\/wp-content\/uploads\/2025\/02\/LNCC_Moselle_Logo_VERT_4c_RVB-1-796x1024.png 796w, https:\/\/www.lamessine.eu\/wp-content\/uploads\/2025\/02\/LNCC_Moselle_Logo_VERT_4c_RVB-1-768x988.png 768w\" sizes=\"auto, (max-width: 137px) 100vw, 137px\" \/><br \/>Organis\u00e9e \u00e0 Metz par A2M, \u00ab\u00a0La Messine\u00a0\u00bb rassemble plus de 10 000 coureuses\/marcheuses chaque ann\u00e9e. C&rsquo;est une \u00e9preuve de course 100% f\u00e9minine, trac\u00e9e au c\u0153ur de la cit\u00e9 m\u00e9di\u00e9vale, en partie sur l&rsquo;espace pi\u00e9tonnier du centre ville, au profit de la lutte contre le cancer du sein et en partenariat avec la Ligue contre le cancer.<\/p>\n<p>Plusieurs courses sont propos\u00e9es :<\/p>\n<ul>\n<li>La baby Messine (0.4km) : 9h30<\/li>\n<li>La mini Messine (1km) : 9h45<\/li>\n<li>La Messine (7km) :&nbsp; 10h30<\/li>\n<li>Challenge m\u00e8re\/fille&nbsp; :&nbsp; 10h30<\/li>\n<li>Challenge Trio (3 g\u00e9n\u00e9rations) : 10h30<\/li>\n<\/ul>\n<p style=\"text-align: left;\" align=\"center\"><a class=\"u-form-send-success\" href=\"https:\/\/www.lamessine.eu\/index.php\/f-a-q\/\">Foire aux questions<\/a><\/p>\n<p><strong>La Messine a \u00e9t\u00e9 cr\u00e9\u00e9e en 2012.<\/strong><\/p>\n<p>Cette manifestation est organis\u00e9e par Athl\u00e9tisme Metz M\u00e9tropole et avec le soutien de la ville.<br \/>Cette manifestation exclusivement f\u00e9minine est ouverte \u00e0 toutes, de tous \u00e2ges, sportives ou non sportives.<\/p>\n<h3><strong>SPOT DIRECT FM <img loading=\"lazy\" decoding=\"async\" class=\"alignnone  wp-image-293\" src=\"https:\/\/www.lamessine.eu\/wp-content\/uploads\/2022\/04\/direct-150x150.png\" alt=\"\" width=\"43\" height=\"43\"><\/strong>&nbsp;<\/h3>\n<!--[if lt IE 9]><script>document.createElement('audio');<\/script><![endif]-->\n<audio class=\"wp-audio-shortcode\" id=\"audio-19-1\" preload=\"none\" style=\"width: 100%;\" controls=\"controls\"><source type=\"audio\/mpeg\" src=\"https:\/\/www.lamessine.eu\/wp-content\/uploads\/2022\/04\/LA-MESSINE-AVRIL-2022-PILE-POIL-PROD-SP-DFM.mp3?_=1\" \/><a href=\"https:\/\/www.lamessine.eu\/wp-content\/uploads\/2022\/04\/LA-MESSINE-AVRIL-2022-PILE-POIL-PROD-SP-DFM.mp3\">https:\/\/www.lamessine.eu\/wp-content\/uploads\/2022\/04\/LA-MESSINE-AVRIL-2022-PILE-POIL-PROD-SP-DFM.mp3<\/a><\/audio>\n<\/div>\n<\/div>\n\n\n\n<p><\/p>\n\n\n\n<h2 class=\"wp-block-heading\"><strong><mark style=\"background-color:rgba(0, 0, 0, 0);color:#e109c5\" class=\"has-inline-color\">NOUS CONTACTER<\/mark><\/strong><\/h2>\n\n\n\n<ul class=\"wp-block-social-links is-layout-flex wp-block-social-links-is-layout-flex\"><li class=\"wp-social-link wp-social-link-facebook  wp-block-social-link\"><a href=\"https:\/\/www.facebook.com\/lamessinea2m\/\" class=\"wp-block-social-link-anchor\"><svg width=\"24\" height=\"24\" viewBox=\"0 0 24 24\" version=\"1.1\" xmlns=\"http:\/\/www.w3.org\/2000\/svg\" aria-hidden=\"true\" focusable=\"false\"><path d=\"M12 2C6.5 2 2 6.5 2 12c0 5 3.7 9.1 8.4 9.9v-7H7.9V12h2.5V9.8c0-2.5 1.5-3.9 3.8-3.9 1.1 0 2.2.2 2.2.2v2.5h-1.3c-1.2 0-1.6.8-1.6 1.6V12h2.8l-.4 2.9h-2.3v7C18.3 21.1 22 17 22 12c0-5.5-4.5-10-10-10z\"><\/path><\/svg><span class=\"wp-block-social-link-label screen-reader-text\">Facebook<\/span><\/a><\/li>\n\n<li class=\"wp-social-link wp-social-link-instagram  wp-block-social-link\"><a href=\"https:\/\/www.instagram.com\/lamessine_a2m\/\" class=\"wp-block-social-link-anchor\"><svg width=\"24\" height=\"24\" viewBox=\"0 0 24 24\" version=\"1.1\" xmlns=\"http:\/\/www.w3.org\/2000\/svg\" aria-hidden=\"true\" focusable=\"false\"><path d=\"M12,4.622c2.403,0,2.688,0.009,3.637,0.052c0.877,0.04,1.354,0.187,1.671,0.31c0.42,0.163,0.72,0.358,1.035,0.673 c0.315,0.315,0.51,0.615,0.673,1.035c0.123,0.317,0.27,0.794,0.31,1.671c0.043,0.949,0.052,1.234,0.052,3.637 s-0.009,2.688-0.052,3.637c-0.04,0.877-0.187,1.354-0.31,1.671c-0.163,0.42-0.358,0.72-0.673,1.035 c-0.315,0.315-0.615,0.51-1.035,0.673c-0.317,0.123-0.794,0.27-1.671,0.31c-0.949,0.043-1.233,0.052-3.637,0.052 s-2.688-0.009-3.637-0.052c-0.877-0.04-1.354-0.187-1.671-0.31c-0.42-0.163-0.72-0.358-1.035-0.673 c-0.315-0.315-0.51-0.615-0.673-1.035c-0.123-0.317-0.27-0.794-0.31-1.671C4.631,14.688,4.622,14.403,4.622,12 s0.009-2.688,0.052-3.637c0.04-0.877,0.187-1.354,0.31-1.671c0.163-0.42,0.358-0.72,0.673-1.035 c0.315-0.315,0.615-0.51,1.035-0.673c0.317-0.123,0.794-0.27,1.671-0.31C9.312,4.631,9.597,4.622,12,4.622 M12,3 C9.556,3,9.249,3.01,8.289,3.054C7.331,3.098,6.677,3.25,6.105,3.472C5.513,3.702,5.011,4.01,4.511,4.511 c-0.5,0.5-0.808,1.002-1.038,1.594C3.25,6.677,3.098,7.331,3.054,8.289C3.01,9.249,3,9.556,3,12c0,2.444,0.01,2.751,0.054,3.711 c0.044,0.958,0.196,1.612,0.418,2.185c0.23,0.592,0.538,1.094,1.038,1.594c0.5,0.5,1.002,0.808,1.594,1.038 c0.572,0.222,1.227,0.375,2.185,0.418C9.249,20.99,9.556,21,12,21s2.751-0.01,3.711-0.054c0.958-0.044,1.612-0.196,2.185-0.418 c0.592-0.23,1.094-0.538,1.594-1.038c0.5-0.5,0.808-1.002,1.038-1.594c0.222-0.572,0.375-1.227,0.418-2.185 C20.99,14.751,21,14.444,21,12s-0.01-2.751-0.054-3.711c-0.044-0.958-0.196-1.612-0.418-2.185c-0.23-0.592-0.538-1.094-1.038-1.594 c-0.5-0.5-1.002-0.808-1.594-1.038c-0.572-0.222-1.227-0.375-2.185-0.418C14.751,3.01,14.444,3,12,3L12,3z M12,7.378 c-2.552,0-4.622,2.069-4.622,4.622S9.448,16.622,12,16.622s4.622-2.069,4.622-4.622S14.552,7.378,12,7.378z M12,15 c-1.657,0-3-1.343-3-3s1.343-3,3-3s3,1.343,3,3S13.657,15,12,15z M16.804,6.116c-0.596,0-1.08,0.484-1.08,1.08 s0.484,1.08,1.08,1.08c0.596,0,1.08-0.484,1.08-1.08S17.401,6.116,16.804,6.116z\"><\/path><\/svg><span class=\"wp-block-social-link-label screen-reader-text\">Instagram<\/span><\/a><\/li>\n\n<li class=\"wp-social-link wp-social-link-mail  wp-block-social-link\"><a href=\"mailto:&#099;&#111;&#110;&#116;a&#099;t&#046;&#109;e&#115;&#115;&#105;ne&#064;g&#109;a&#105;l.c&#111;&#109;\" class=\"wp-block-social-link-anchor\"><svg width=\"24\" height=\"24\" viewBox=\"0 0 24 24\" version=\"1.1\" xmlns=\"http:\/\/www.w3.org\/2000\/svg\" aria-hidden=\"true\" focusable=\"false\"><path d=\"M19,5H5c-1.1,0-2,.9-2,2v10c0,1.1.9,2,2,2h14c1.1,0,2-.9,2-2V7c0-1.1-.9-2-2-2zm.5,12c0,.3-.2.5-.5.5H5c-.3,0-.5-.2-.5-.5V9.8l7.5,5.6,7.5-5.6V17zm0-9.1L12,13.6,4.5,7.9V7c0-.3.2-.5.5-.5h14c.3,0,.5.2.5.5v.9z\"><\/path><\/svg><span class=\"wp-block-social-link-label screen-reader-text\">Mail<\/span><\/a><\/li>\n\n<li class=\"wp-social-link wp-social-link-whatsapp  wp-block-social-link\"><a href=\"https:\/\/06.70.61.00.72\" class=\"wp-block-social-link-anchor\"><svg width=\"24\" height=\"24\" viewBox=\"0 0 24 24\" version=\"1.1\" xmlns=\"http:\/\/www.w3.org\/2000\/svg\" aria-hidden=\"true\" focusable=\"false\"><path d=\"M 12.011719 2 C 6.5057187 2 2.0234844 6.478375 2.0214844 11.984375 C 2.0204844 13.744375 2.4814687 15.462563 3.3554688 16.976562 L 2 22 L 7.2324219 20.763672 C 8.6914219 21.559672 10.333859 21.977516 12.005859 21.978516 L 12.009766 21.978516 C 17.514766 21.978516 21.995047 17.499141 21.998047 11.994141 C 22.000047 9.3251406 20.962172 6.8157344 19.076172 4.9277344 C 17.190172 3.0407344 14.683719 2.001 12.011719 2 z M 12.009766 4 C 14.145766 4.001 16.153109 4.8337969 17.662109 6.3417969 C 19.171109 7.8517969 20.000047 9.8581875 19.998047 11.992188 C 19.996047 16.396187 16.413812 19.978516 12.007812 19.978516 C 10.674812 19.977516 9.3544062 19.642812 8.1914062 19.007812 L 7.5175781 18.640625 L 6.7734375 18.816406 L 4.8046875 19.28125 L 5.2851562 17.496094 L 5.5019531 16.695312 L 5.0878906 15.976562 C 4.3898906 14.768562 4.0204844 13.387375 4.0214844 11.984375 C 4.0234844 7.582375 7.6067656 4 12.009766 4 z M 8.4765625 7.375 C 8.3095625 7.375 8.0395469 7.4375 7.8105469 7.6875 C 7.5815469 7.9365 6.9355469 8.5395781 6.9355469 9.7675781 C 6.9355469 10.995578 7.8300781 12.182609 7.9550781 12.349609 C 8.0790781 12.515609 9.68175 15.115234 12.21875 16.115234 C 14.32675 16.946234 14.754891 16.782234 15.212891 16.740234 C 15.670891 16.699234 16.690438 16.137687 16.898438 15.554688 C 17.106437 14.971687 17.106922 14.470187 17.044922 14.367188 C 16.982922 14.263188 16.816406 14.201172 16.566406 14.076172 C 16.317406 13.951172 15.090328 13.348625 14.861328 13.265625 C 14.632328 13.182625 14.464828 13.140625 14.298828 13.390625 C 14.132828 13.640625 13.655766 14.201187 13.509766 14.367188 C 13.363766 14.534188 13.21875 14.556641 12.96875 14.431641 C 12.71875 14.305641 11.914938 14.041406 10.960938 13.191406 C 10.218937 12.530406 9.7182656 11.714844 9.5722656 11.464844 C 9.4272656 11.215844 9.5585938 11.079078 9.6835938 10.955078 C 9.7955938 10.843078 9.9316406 10.663578 10.056641 10.517578 C 10.180641 10.371578 10.223641 10.267562 10.306641 10.101562 C 10.389641 9.9355625 10.347156 9.7890625 10.285156 9.6640625 C 10.223156 9.5390625 9.737625 8.3065 9.515625 7.8125 C 9.328625 7.3975 9.131125 7.3878594 8.953125 7.3808594 C 8.808125 7.3748594 8.6425625 7.375 8.4765625 7.375 z\"><\/path><\/svg><span class=\"wp-block-social-link-label screen-reader-text\">WhatsApp<\/span><\/a><\/li><\/ul>\n\n\n\n<figure class=\"wp-block-image size-full\"><img loading=\"lazy\" decoding=\"async\" width=\"766\" height=\"169\" src=\"https:\/\/www.lamessine.eu\/wp-content\/uploads\/2026\/03\/partenaires.jpg\" alt=\"\" class=\"wp-image-1055\" srcset=\"https:\/\/www.lamessine.eu\/wp-content\/uploads\/2026\/03\/partenaires.jpg 766w, https:\/\/www.lamessine.eu\/wp-content\/uploads\/2026\/03\/partenaires-300x66.jpg 300w\" sizes=\"auto, (max-width: 766px) 100vw, 766px\" \/><\/figure>\n\n\n\n<p><\/p>\n","protected":false},"excerpt":{"rendered":"<p>Contre le cancer du sein, je me bouge ! 26 AVRIL 2026 Le parcours Trac\u00e9e au c\u0153ur de la cit\u00e9 m\u00e9di\u00e9vale, en partie sur l\u2019espace pi\u00e9tonnier du centre ville. Un \u00e9v\u00e9nement engag\u00e9 Au profit de la lutte contre le cancer du sein et en partenariat avec la Ligue contre le cancer. Trois \u00e9preuves possibles Adapt\u00e9 &hellip; <a href=\"https:\/\/www.lamessine.eu\/\" class=\"more-link\">Continuer la lecture de <span class=\"screen-reader-text\">LA MESSINE 2026<\/span> <span class=\"meta-nav\">&rarr;<\/span><\/a><\/p>\n","protected":false},"author":1,"featured_media":0,"parent":0,"menu_order":1,"comment_status":"closed","ping_status":"closed","template":"","meta":{"footnotes":""},"class_list":["post-19","page","type-page","status-publish","hentry"],"_links":{"self":[{"href":"https:\/\/www.lamessine.eu\/index.php\/wp-json\/wp\/v2\/pages\/19","targetHints":{"allow":["GET"]}}],"collection":[{"href":"https:\/\/www.lamessine.eu\/index.php\/wp-json\/wp\/v2\/pages"}],"about":[{"href":"https:\/\/www.lamessine.eu\/index.php\/wp-json\/wp\/v2\/types\/page"}],"author":[{"embeddable":true,"href":"https:\/\/www.lamessine.eu\/index.php\/wp-json\/wp\/v2\/users\/1"}],"replies":[{"embeddable":true,"href":"https:\/\/www.lamessine.eu\/index.php\/wp-json\/wp\/v2\/comments?post=19"}],"version-history":[{"count":112,"href":"https:\/\/www.lamessine.eu\/index.php\/wp-json\/wp\/v2\/pages\/19\/revisions"}],"predecessor-version":[{"id":1075,"href":"https:\/\/www.lamessine.eu\/index.php\/wp-json\/wp\/v2\/pages\/19\/revisions\/1075"}],"wp:attachment":[{"href":"https:\/\/www.lamessine.eu\/index.php\/wp-json\/wp\/v2\/media?parent=19"}],"curies":[{"name":"wp","href":"https:\/\/api.w.org\/{rel}","templated":true}]}}